{"id":10,"date":"2023-03-19T15:40:45","date_gmt":"2023-03-19T14:40:45","guid":{"rendered":"https:\/\/reziduum.ludwigmuseum.hu\/?page_id=10"},"modified":"2023-04-24T18:02:38","modified_gmt":"2023-04-24T16:02:38","slug":"team","status":"publish","type":"page","link":"https:\/\/reziduum.ludwigmuseum.hu\/en\/team\/","title":{"rendered":"Team"},"content":{"rendered":"<section class=\"wpb-content-wrapper\"><p>[vc_row css=&#8221;.vc_custom_1682346298025{padding-top: 50px !important;padding-bottom: 50px !important;background-color: #ffffff !important;}&#8221;][vc_column]\n\t<!-- Element: OT Our Team --> \t \n    <!-- team member -->\n    <div class=\"de-team-list team-box wow fadeInUp\">\n    \t        <div class=\"team-desc\">\n            <h3><\/h3>\n                        <div class=\"small-border\"><\/div>\n                        <div class=\"social\">\n                                                                            <\/div>\n        <\/div>\n    <\/div>\n    <!-- team close -->\n\n\n\t<!-- Element: OT Our Team 2 --> \t \n    <!-- team member -->\n    <div class=\"de-team-list-2 team-box\">\n\n    \t\t        <div class=\"team-pic\">\n\t        \t<img loading=\"lazy\" decoding=\"async\" width=\"420\" height=\"420\" src=\"https:\/\/reziduum.ludwigmuseum.hu\/wp-content\/uploads\/2023\/04\/csapat_fm_420x420.jpg\" class=\"img-responsive\" alt=\"FERENCZ Marcel\" srcset=\"https:\/\/reziduum.ludwigmuseum.hu\/wp-content\/uploads\/2023\/04\/csapat_fm_420x420.jpg 420w, https:\/\/reziduum.ludwigmuseum.hu\/wp-content\/uploads\/2023\/04\/csapat_fm_420x420-300x300.jpg 300w, https:\/\/reziduum.ludwigmuseum.hu\/wp-content\/uploads\/2023\/04\/csapat_fm_420x420-150x150.jpg 150w\" sizes=\"auto, (max-width: 420px) 100vw, 420px\" title=\"csapat_fm_420x420\" \/>         \n\t        <\/div>\n        \n        <div class=\"team-desc\">\n            <h3>Marcel Ferencz habil, DLA (1970)<\/h3>\n            <p class=\"lead\">Mikl\u00f3s Ybl Prize and Pro Architectura Prize-winning architect<\/p>            <div class=\"small-border\"><\/div>\n            <p>He graduated from the Faculty of Architecture of the Budapest University of Technology and Economics in 1997. Between 1999 and 2004, he taught freehand drawing as an assistant professor at the Department of Drawing and Form Studies and wrote his DLA thesis on drawing. In 2010 he was the lead architect of the Hungarian Pavilion\u2019s BorderLINE Architecture exhibition during the Venice Architecture Biennale.<br \/>\nSince 2014, he has been a member of the Hungarian Academy of Arts. As of 2015, he has been a professor at the Ybl Mikl\u00f3s Ybl Faculty of Architecture at Szent Istv\u00e1n University. He is the lead designer and managing director of NAPUR Architect. In 2017, he received the Tierney Clark Award for the design of the Danube Arena in Budapest. In 2016, he won the international design competition for the new Museum of Ethnography. In 2018, the building he designed as part of the Liget Budapest Project won the International Property Awards European Best Public Building and World&#8217;s Best Architecture. NAPUR Architect&#8217;s winning projects include the National Athletic Stadium in Budapest (which is to be completed in 2023) and the Mathias Corvinus Collegium headquarters.<\/p>\n<p><a href=\"http:\/\/www.napur.hu\" target=\"_blank\" rel=\"noopener\">www.napur.hu<\/a><\/p>            <div class=\"social\">\n                \t\t\t\t\t<a href=\"\" target=\"_blank\"><i class=\"fa fa- fa-lg\"><\/i><\/a>\n\t\t\t\t            <\/div>\n        <\/div>\n    <\/div>\n    <!-- team close -->\n\n[\/vc_column][\/vc_row][vc_row css=&#8221;.vc_custom_1682346305522{padding-top: 50px !important;padding-bottom: 50px !important;background-color: #f2f2f2 !important;}&#8221;][vc_column]\n\t<!-- Element: OT Our Team 2 --> \t \n    <!-- team member -->\n    <div class=\"de-team-list-2 team-box\">\n\n    \t\t        <div class=\"team-pic\">\n\t        \t<img loading=\"lazy\" decoding=\"async\" width=\"420\" height=\"420\" src=\"https:\/\/reziduum.ludwigmuseum.hu\/wp-content\/uploads\/2023\/04\/csapat_kszm_420x420.jpg\" class=\"img-responsive\" alt=\"\" srcset=\"https:\/\/reziduum.ludwigmuseum.hu\/wp-content\/uploads\/2023\/04\/csapat_kszm_420x420.jpg 420w, https:\/\/reziduum.ludwigmuseum.hu\/wp-content\/uploads\/2023\/04\/csapat_kszm_420x420-300x300.jpg 300w, https:\/\/reziduum.ludwigmuseum.hu\/wp-content\/uploads\/2023\/04\/csapat_kszm_420x420-150x150.jpg 150w\" sizes=\"auto, (max-width: 420px) 100vw, 420px\" title=\"csapat_kszm_420x420\" \/>         \n\t        <\/div>\n        \n        <div class=\"team-desc\">\n            <h3>M\u00e1ria Kondor-Szil\u00e1gyi PhD (1975)<\/h3>\n            <p class=\"lead\">art historian, curator<\/p>            <div class=\"small-border\"><\/div>\n            <p>In 2003 she graduated from the Faculty of Humanities of E\u00f6tv\u00f6s Lor\u00e1nd University with a degree in Russian Studies and in 2004 with a degree in Art History. In 2014, she received her doctorate in the field of Russian Literature and Literary Studies at the University. Between 2003 to 2004, she worked at the Ernst Museum in Budapest. Since 2013, she has been a staff member at the Kunsthalle Budapest, and as of 2019, she has been the chief curator. She has been involved in the organization of numerous international and national exhibitions. She is a regular contributor to publications and conferences. Her research interests include the possibility of exploring transitions between different artistic disciplines and genres.<\/p>            <div class=\"social\">\n                \t\t\t\t\t<a href=\"\" target=\"_blank\"><i class=\"fa fa- fa-lg\"><\/i><\/a>\n\t\t\t\t            <\/div>\n        <\/div>\n    <\/div>\n    <!-- team close -->\n\n[\/vc_column][\/vc_row][vc_row css=&#8221;.vc_custom_1682346312456{padding-top: 50px !important;padding-bottom: 50px !important;background-color: #ffffff !important;}&#8221;][vc_column]\n\t<!-- Element: OT Our Team 2 --> \t \n    <!-- team member -->\n    <div class=\"de-team-list-2 team-box\">\n\n    \t\t        <div class=\"team-pic\">\n\t        \t<img loading=\"lazy\" decoding=\"async\" width=\"420\" height=\"420\" src=\"https:\/\/reziduum.ludwigmuseum.hu\/wp-content\/uploads\/2023\/04\/csapat_mp_420x420.jpg\" class=\"img-responsive\" alt=\"\" srcset=\"https:\/\/reziduum.ludwigmuseum.hu\/wp-content\/uploads\/2023\/04\/csapat_mp_420x420.jpg 420w, https:\/\/reziduum.ludwigmuseum.hu\/wp-content\/uploads\/2023\/04\/csapat_mp_420x420-300x300.jpg 300w, https:\/\/reziduum.ludwigmuseum.hu\/wp-content\/uploads\/2023\/04\/csapat_mp_420x420-150x150.jpg 150w\" sizes=\"auto, (max-width: 420px) 100vw, 420px\" title=\"csapat_mp_420x420\" \/>         \n\t        <\/div>\n        \n        <div class=\"team-desc\">\n            <h3>P\u00e9ter M\u00e1trai, DLA (1948)<\/h3>\n            <p class=\"lead\">Mikl\u00f3s Ybl and Pro Architectura Award-winning architect, composer<\/p>            <div class=\"small-border\"><\/div>\n            <p>In 1973 he graduated from the Hungarian Academy of Applied Arts with a degree in architectural design. Since 1980 he has been teaching architectural design at several universities. Since the early 1990s, he has been involved in electronic music, sound, and music experiments, composing and performing electro-acoustic music, and researching new possibilities to develop the relationship between music and the visual arts. Between 1991 and 2002, he was the director of the Electroacoustic Multimedia Studio he founded at the University of Applied Arts, and taught a subject called Creative Sound. His instruments were initially synthesizers, samplers, and a variety of keyboards, wind, and percussion controllers. In recent years, he has been using iPhones and iPads almost exclusively as instruments, along with small percussion instruments. He has composed music for several theatre and movement performances, and his sound performances have been part of several art exhibitions, for which he has often constructed site-specific installations and sound-producing devices.<\/p>            <div class=\"social\">\n                \t\t\t\t\t<a href=\"\" target=\"_blank\"><i class=\"fa fa- fa-lg\"><\/i><\/a>\n\t\t\t\t            <\/div>\n        <\/div>\n    <\/div>\n    <!-- team close -->\n\n[\/vc_column][\/vc_row][vc_row css=&#8221;.vc_custom_1682346322045{padding-top: 50px !important;padding-bottom: 50px !important;background-color: #f2f2f2 !important;}&#8221;][vc_column]\n\t<!-- Element: OT Our Team 2 --> \t \n    <!-- team member -->\n    <div class=\"de-team-list-2 team-box\">\n\n    \t\t        <div class=\"team-pic\">\n\t        \t<img loading=\"lazy\" decoding=\"async\" width=\"420\" height=\"420\" src=\"https:\/\/reziduum.ludwigmuseum.hu\/wp-content\/uploads\/2023\/04\/csapat_zhj_420x420.jpg\" class=\"img-responsive\" alt=\"\" srcset=\"https:\/\/reziduum.ludwigmuseum.hu\/wp-content\/uploads\/2023\/04\/csapat_zhj_420x420.jpg 420w, https:\/\/reziduum.ludwigmuseum.hu\/wp-content\/uploads\/2023\/04\/csapat_zhj_420x420-300x300.jpg 300w, https:\/\/reziduum.ludwigmuseum.hu\/wp-content\/uploads\/2023\/04\/csapat_zhj_420x420-150x150.jpg 150w\" sizes=\"auto, (max-width: 420px) 100vw, 420px\" title=\"csapat_zhj_420x420\" \/>         \n\t        <\/div>\n        \n        <div class=\"team-desc\">\n            <h3>Judit Z. Halm\u00e1gyi, DLA (1962)<\/h3>\n            <p class=\"lead\">Pro Architectura Award-winning architect, designer, and urban planner<\/p>            <div class=\"small-border\"><\/div>\n            <p>She graduated from the Faculty of Architecture at the Budapest University of Technology and Economics in 1986 and worked as a designer in the workshop of Csaba Vir\u00e1g at LAK\u00d3TERV until 1994. Between 1993-1994 she was a member of the design team of EXPO &#8217;95 in Budapest. Between 1994 and 2000 she was an architect in the studio she shared with Csaba Vir\u00e1g. She has been teaching since 1994 and is currently a lecturer at the Department of Architecture and Design at the Budapest Metropolitan University. From 2001 to 2008 she was the chief designer at Erick van Egeraat Associated Budapest. Since 2001, she has been running her atelier (ZHJ Architects). In 2007 she obtained her DLA degree. Her research focuses on architecture as a piece of art that affects all senses.<\/p>\n<p><a href=\"http:\/\/zhj.hu\" target=\"_blank\" rel=\"noopener\">zhj.hu<\/a><\/p>            <div class=\"social\">\n                \t\t\t\t\t<a href=\"\" target=\"_blank\"><i class=\"fa fa- fa-lg\"><\/i><\/a>\n\t\t\t\t            <\/div>\n        <\/div>\n    <\/div>\n    <!-- team close -->\n\n[\/vc_column][\/vc_row][vc_row css=&#8221;.vc_custom_1682346328685{padding-top: 50px !important;padding-bottom: 50px !important;background-color: #ffffff !important;}&#8221;][vc_column]\n\t<!-- Element: OT Our Team 2 --> \t \n    <!-- team member -->\n    <div class=\"de-team-list-2 team-box\">\n\n    \t\t        <div class=\"team-pic\">\n\t        \t<img loading=\"lazy\" decoding=\"async\" width=\"420\" height=\"420\" src=\"https:\/\/reziduum.ludwigmuseum.hu\/wp-content\/uploads\/2023\/04\/csapat_hf_420x420.jpg\" class=\"img-responsive\" alt=\"\" srcset=\"https:\/\/reziduum.ludwigmuseum.hu\/wp-content\/uploads\/2023\/04\/csapat_hf_420x420.jpg 420w, https:\/\/reziduum.ludwigmuseum.hu\/wp-content\/uploads\/2023\/04\/csapat_hf_420x420-300x300.jpg 300w, https:\/\/reziduum.ludwigmuseum.hu\/wp-content\/uploads\/2023\/04\/csapat_hf_420x420-150x150.jpg 150w\" sizes=\"auto, (max-width: 420px) 100vw, 420px\" title=\"csapat_hf_420x420\" \/>         \n\t        <\/div>\n        \n        <div class=\"team-desc\">\n            <h3>Ferenc Ha\u00e1sz (1969)<\/h3>\n            <p class=\"lead\">lighting designer<\/p>            <div class=\"small-border\"><\/div>\n            <p>He graduated as an electrical civil engineer from the Kand\u00f3 K\u00e1lm\u00e1n Technical College of Electrical Engineering in Budapest in 1991. As a designer, he has been involved in nearly eight hundred and fifty lighting design projects. In 2017, he founded Madebylight Zrt., where he works as a senior designer. He teaches architectural lighting and has presented at numerous conferences. In recent years, he has designed lighting for exhibitions such as the Archbishop&#8217;s Palace (Eger), Festetics Castle (Keszthely), House of Music, Hungary (Budapest), Museum of Ethnography (Budapest), Kiscelli Museum (Budapest), Mindszentyneum (Zalaegerszeg), Robert Capa permanent exhibition (Budapest), Aquincum Museum (Budapest), Munk\u00e1csy Mih\u00e1ly Museum (B\u00e9k\u00e9scsaba), City Hall (Kecskem\u00e9t).<\/p>\n<p><a href=\"http:\/\/www.madebylight.eu\" target=\"_blank\" rel=\"noopener\">www.madebylight.eu<\/a><\/p>            <div class=\"social\">\n                \t\t\t\t\t<a href=\"\" target=\"_blank\"><i class=\"fa fa- fa-lg\"><\/i><\/a>\n\t\t\t\t            <\/div>\n        <\/div>\n    <\/div>\n    <!-- team close -->\n\n[\/vc_column][\/vc_row]<\/p>\n<\/section>","protected":false},"excerpt":{"rendered":"<p>[vc_row css=&#8221;.vc_custom_1682346298025{padding-top: 50px !important;padding-bottom: 50px !important;background-color: #ffffff !important;}&#8221;][vc_column][\/vc_column][\/vc_row][vc_row css=&#8221;.vc_custom_1682346305522{padding-top: 50px !important;padding-bottom: 50px !important;background-color: #f2f2f2 !important;}&#8221;][vc_column][\/vc_column][\/vc_row][vc_row css=&#8221;.vc_custom_1682346312456{padding-top: 50px !important;padding-bottom: 50px !important;background-color: #ffffff !important;}&#8221;][vc_column][\/vc_column][\/vc_row][vc_row css=&#8221;.vc_custom_1682346322045{padding-top: 50px !important;padding-bottom: 50px !important;background-color: #f2f2f2 !important;}&#8221;][vc_column][\/vc_column][\/vc_row][vc_row css=&#8221;.vc_custom_1682346328685{padding-top: 50px !important;padding-bottom: 50px !important;background-color: #ffffff !important;}&#8221;][vc_column][\/vc_column][\/vc_row]<\/p>\n","protected":false},"author":1,"featured_media":0,"parent":0,"menu_order":0,"comment_status":"closed","ping_status":"closed","template":"page-templates\/template-fullwidth.php","meta":{"footnotes":""},"class_list":["post-10","page","type-page","status-publish","hentry"],"_links":{"self":[{"href":"https:\/\/reziduum.ludwigmuseum.hu\/en\/wp-json\/wp\/v2\/pages\/10","targetHints":{"allow":["GET"]}}],"collection":[{"href":"https:\/\/reziduum.ludwigmuseum.hu\/en\/wp-json\/wp\/v2\/pages"}],"about":[{"href":"https:\/\/reziduum.ludwigmuseum.hu\/en\/wp-json\/wp\/v2\/types\/page"}],"author":[{"embeddable":true,"href":"https:\/\/reziduum.ludwigmuseum.hu\/en\/wp-json\/wp\/v2\/users\/1"}],"replies":[{"embeddable":true,"href":"https:\/\/reziduum.ludwigmuseum.hu\/en\/wp-json\/wp\/v2\/comments?post=10"}],"version-history":[{"count":30,"href":"https:\/\/reziduum.ludwigmuseum.hu\/en\/wp-json\/wp\/v2\/pages\/10\/revisions"}],"predecessor-version":[{"id":344,"href":"https:\/\/reziduum.ludwigmuseum.hu\/en\/wp-json\/wp\/v2\/pages\/10\/revisions\/344"}],"wp:attachment":[{"href":"https:\/\/reziduum.ludwigmuseum.hu\/en\/wp-json\/wp\/v2\/media?parent=10"}],"curies":[{"name":"wp","href":"https:\/\/api.w.org\/{rel}","templated":true}]}}