{"id":116,"date":"2023-04-10T17:21:14","date_gmt":"2023-04-10T15:21:14","guid":{"rendered":"https:\/\/reziduum.ludwigmuseum.hu\/?page_id=116"},"modified":"2023-04-25T10:16:26","modified_gmt":"2023-04-25T08:16:26","slug":"impresszum","status":"publish","type":"page","link":"https:\/\/reziduum.ludwigmuseum.hu\/en\/impresszum\/","title":{"rendered":"Imprint"},"content":{"rendered":"<p><strong>National Commissioner<\/strong><br \/>\nJulia Fab\u00e9nyi<\/p>\n<p><strong>Curator<\/strong><br \/>\nM\u00e1ria Kondor-Szil\u00e1gyi<\/p>\n<p><strong>Exhibitors<\/strong><br \/>\nArchitect of the Museum of Ethnography<br \/>\nMarcel Ferencz, Napur Architect<\/p>\n<p><strong>Sound installation<\/strong><br \/>\nP\u00e9ter M\u00e1trai<\/p>\n<p><strong>Architectural consultant<\/strong><br \/>\nJudit Z. Halm\u00e1gyi<\/p>\n<p><strong>Light designer<\/strong><br \/>\nFerenc Ha\u00e1sz<\/p>\n<p><strong>Organizer<\/strong><br \/>\nLudwig Museum \u2013 Museum of Contemporary Art<\/p>\n<p><strong>Project coordination<\/strong><br \/>\nVenice Biennale Office:<br \/>\nG\u00e9za Boros, Anna B\u00e1lv\u00e1nyos, Zsigmond Lak\u00f3<\/p>\n<p><strong>Communication<\/strong><br \/>\nZsuzsanna Feh\u00e9r, Gabriella Rothman<\/p>\n<p><strong>Graphic design<\/strong><br \/>\nZsombor Kiss<\/p>\n<p><strong>Photo<\/strong><br \/>\nL\u00e1szl\u00f3 Incze, Museum of Ethnography<br \/>\nBal\u00e1zs Mohai, Gy\u00f6rgy Palk\u00f3, Liget Budapest Projekt<br \/>\nZs\u00f3fia Szab\u00f3, Ludwig Museum<\/p>\n<p><strong>English translation<\/strong><br \/>\nAina Huber<\/p>\n<p><strong>Italian translation<\/strong><br \/>\nZsigmond Lak\u00f3<\/p>\n<p><strong>Technical manager<\/strong><br \/>\nB\u00e9la Bodor<\/p>\n<p><strong>Technical team<\/strong><br \/>\nM\u00e1rton B\u00edr\u00f3, L\u00e1szl\u00f3 Moln\u00e1r, Ern\u0151 Porubszki<\/p>\n<p><strong>Production<\/strong><br \/>\nArchitectural models<br \/>\nLimes Model Kft. \u2013 G\u00e9za Csizmazia<\/p>\n<p>Sound cylinder<br \/>\nC\u00e9g\u00e9r Kft. \u2013 Istv\u00e1n Kandi<br \/>\nB\u00e9la Bodor<\/p>\n<p>Grid<br \/>\nINDUPRO Kft.<\/p>\n<p>Benches, photowall in the courtyard<br \/>\nB\u00e9flex Zrt.<\/p>\n<p><strong>Art director of the Liget Budapest Projekt<\/strong><br \/>\nCsaba Varga<\/p>\n<p><strong>MotifCreator<\/strong><br \/>\nMoon42 RDI Kft.<br \/>\nEm\u0151ke L\u0151rincz, Moon42 RDI Kft.<br \/>\nZsuzsanna Tasn\u00e1di, Museum of Ethnography<\/p>\n<p><strong>Animated video Ethnozoom<br \/>\n<\/strong>Directed by Attila Bert\u00f3ti<br \/>\nConception by Zsuzsa Szarvas, \u00c1gnes Hajdu, T\u00edmea Bata, Museum of Ethnography<\/p>\n<p><strong>Graphic production<\/strong><br \/>\nDessin Design<\/p>\n<p><strong>Microsite<\/strong><br \/>\nAndr\u00e1s Sz\u0151nyi<\/p>\n<p><strong>Canvas Bag<\/strong><br \/>\nZsuzsanna Gspann<br \/>\nZsombor Kiss<br \/>\nMikka Design<\/p>\n<p><strong>Special thanks to<\/strong><br \/>\nL\u00e1szl\u00f3 Ba\u00e1n, Liget Budapest Projekt<br \/>\nMarianna Ber\u00e9nyi, Museum of Ethnography<br \/>\nBenedek Gyorgyevics, Liget Budapest Projekt<br \/>\nLajos Kemecsi, Museum of Ethnography<br \/>\nD\u00e1vid Nyul, Napur Architect<br \/>\nTam\u00e1s V\u00e9gv\u00e1ri, Liget Budapest Projekt<\/p>\n<p><strong>Jury of the competition<\/strong><br \/>\nG\u00e9za Boros, Julia Fab\u00e9nyi, G\u00e1bor Freivogel, J\u00e1nos Golda, J\u00f3zsef Martink\u00f3, Krisztina Szip\u0151cs<\/p>\n<p><strong>Main sponsor<\/strong><br \/>\nMinistry of Culture and Innovation, Hungary<\/p>\n<p><strong>Key sponsor<\/strong><br \/>\nLiget Budapest Project<\/p>\n<p><strong>Professional cooperation partner<\/strong><br \/>\nMuseum of Ethnography in Budapest<\/p>\n","protected":false},"excerpt":{"rendered":"<p>National Commissioner Julia Fab\u00e9nyi Curator M\u00e1ria Kondor-Szil\u00e1gyi Exhibitors Architect of the Museum of Ethnography Marcel Ferencz, Napur Architect Sound installation P\u00e9ter M\u00e1trai Architectural consultant Judit Z. Halm\u00e1gyi Light designer Ferenc Ha\u00e1sz Organizer Ludwig Museum \u2013 Museum of Contemporary Art Project coordination Venice Biennale Office: G\u00e9za Boros, Anna B\u00e1lv\u00e1nyos, Zsigmond Lak\u00f3 Communication Zsuzsanna Feh\u00e9r, Gabriella Rothman [&hellip;]<\/p>\n","protected":false},"author":1,"featured_media":0,"parent":0,"menu_order":0,"comment_status":"closed","ping_status":"closed","template":"","meta":{"footnotes":""},"class_list":["post-116","page","type-page","status-publish","hentry"],"_links":{"self":[{"href":"https:\/\/reziduum.ludwigmuseum.hu\/en\/wp-json\/wp\/v2\/pages\/116","targetHints":{"allow":["GET"]}}],"collection":[{"href":"https:\/\/reziduum.ludwigmuseum.hu\/en\/wp-json\/wp\/v2\/pages"}],"about":[{"href":"https:\/\/reziduum.ludwigmuseum.hu\/en\/wp-json\/wp\/v2\/types\/page"}],"author":[{"embeddable":true,"href":"https:\/\/reziduum.ludwigmuseum.hu\/en\/wp-json\/wp\/v2\/users\/1"}],"replies":[{"embeddable":true,"href":"https:\/\/reziduum.ludwigmuseum.hu\/en\/wp-json\/wp\/v2\/comments?post=116"}],"version-history":[{"count":11,"href":"https:\/\/reziduum.ludwigmuseum.hu\/en\/wp-json\/wp\/v2\/pages\/116\/revisions"}],"predecessor-version":[{"id":356,"href":"https:\/\/reziduum.ludwigmuseum.hu\/en\/wp-json\/wp\/v2\/pages\/116\/revisions\/356"}],"wp:attachment":[{"href":"https:\/\/reziduum.ludwigmuseum.hu\/en\/wp-json\/wp\/v2\/media?parent=116"}],"curies":[{"name":"wp","href":"https:\/\/api.w.org\/{rel}","templated":true}]}}