{"id":331,"date":"2023-04-24T17:17:40","date_gmt":"2023-04-24T15:17:40","guid":{"rendered":"https:\/\/reziduum.ludwigmuseum.hu\/?page_id=331"},"modified":"2023-05-08T13:02:04","modified_gmt":"2023-05-08T11:02:04","slug":"katalogus","status":"publish","type":"page","link":"https:\/\/reziduum.ludwigmuseum.hu\/en\/katalogus\/","title":{"rendered":"Catalogue"},"content":{"rendered":"<section class=\"wpb-content-wrapper\"><p>[vc_row][vc_column width=&#8221;1\/2&#8243;][vc_single_image image=&#8221;394&#8243; img_size=&#8221;full&#8221;][\/vc_column][vc_column width=&#8221;1\/2&#8243;][vc_column_text]<\/p>\n<h3>REZIDUUM \u2013 The Frequency of Architecture<\/h3>\n<p>18th International Exhibition of Architecture \u2013 La Biennale di Venezia, Hungarian Pavilion<\/p>\n<h3>CONTENT<\/h3>\n<p>\u25cf Julia Fab\u00e9nyi: From Vision to Realization<br \/>\n\u25cf M\u00e1ria Kondor-Szil\u00e1gyi: Reziduum \u2013 The Frequency of Architecture. Curatorial Introduction<br \/>\n\u25cf Lajos Kemecsi: Legacy and Change: The New and Permanent Home of the Museum of Ethnography<br \/>\n\u25cf Katalin Keser\u00fc: Folk Ornamentation in the 20th Century and Contemporary Hungarian Architecture<br \/>\n\u25cf Levente M\u00f3r\u00e9: Nature Made Spectacular \u2013 Architecture Elevated as Nature. The New Building of the Museum of Ethnography<br \/>\n\u25cf P\u00e9ter M\u00e1trai: Sound and Object Installation fot the Reziduum Project<br \/>\n\u25cf Biographies<br \/>\n\u25cf Imprint of the Exhibition<\/p>\n<h3>EDITOR<\/h3>\n<p>G\u00e9za Boros, M\u00e1ria Kondor-Szil\u00e1gyi<\/p>\n<h3>DESIGN, COVER<\/h3>\n<p>Zsombor Kiss<\/p>\n<h3>PUBLISHER<\/h3>\n<p>Ludwig Museum \u2013 Museum of Contemporary Art<br \/>\nBudapest, 2023<\/p>\n<p>ISBN 978-963-9537-90-3<br \/>\nISSN 2786-4375[\/vc_column_text][\/vc_column][\/vc_row]<\/p>\n<\/section>","protected":false},"excerpt":{"rendered":"<p>[vc_row][vc_column width=&#8221;1\/2&#8243;][vc_single_image image=&#8221;394&#8243; img_size=&#8221;full&#8221;][\/vc_column][vc_column width=&#8221;1\/2&#8243;][vc_column_text] REZIDUUM \u2013 The Frequency of Architecture 18th International Exhibition of Architecture \u2013 La Biennale di Venezia, Hungarian Pavilion CONTENT \u25cf Julia Fab\u00e9nyi: From Vision to Realization \u25cf M\u00e1ria Kondor-Szil\u00e1gyi: Reziduum \u2013 The Frequency of Architecture. Curatorial Introduction \u25cf Lajos Kemecsi: Legacy and Change: The New and Permanent Home of the [&hellip;]<\/p>\n","protected":false},"author":1,"featured_media":0,"parent":0,"menu_order":0,"comment_status":"closed","ping_status":"closed","template":"","meta":{"footnotes":""},"class_list":["post-331","page","type-page","status-publish","hentry"],"_links":{"self":[{"href":"https:\/\/reziduum.ludwigmuseum.hu\/en\/wp-json\/wp\/v2\/pages\/331","targetHints":{"allow":["GET"]}}],"collection":[{"href":"https:\/\/reziduum.ludwigmuseum.hu\/en\/wp-json\/wp\/v2\/pages"}],"about":[{"href":"https:\/\/reziduum.ludwigmuseum.hu\/en\/wp-json\/wp\/v2\/types\/page"}],"author":[{"embeddable":true,"href":"https:\/\/reziduum.ludwigmuseum.hu\/en\/wp-json\/wp\/v2\/users\/1"}],"replies":[{"embeddable":true,"href":"https:\/\/reziduum.ludwigmuseum.hu\/en\/wp-json\/wp\/v2\/comments?post=331"}],"version-history":[{"count":17,"href":"https:\/\/reziduum.ludwigmuseum.hu\/en\/wp-json\/wp\/v2\/pages\/331\/revisions"}],"predecessor-version":[{"id":396,"href":"https:\/\/reziduum.ludwigmuseum.hu\/en\/wp-json\/wp\/v2\/pages\/331\/revisions\/396"}],"wp:attachment":[{"href":"https:\/\/reziduum.ludwigmuseum.hu\/en\/wp-json\/wp\/v2\/media?parent=331"}],"curies":[{"name":"wp","href":"https:\/\/api.w.org\/{rel}","templated":true}]}}